{"id":100,"date":"2019-05-17T13:33:45","date_gmt":"2019-05-17T13:33:45","guid":{"rendered":"https:\/\/www.sourcag.ch\/?page_id=100"},"modified":"2020-09-23T08:39:30","modified_gmt":"2020-09-23T08:39:30","slug":"firma","status":"publish","type":"page","link":"https:\/\/www.sourcag.ch\/?page_id=100","title":{"rendered":"Firma"},"content":{"rendered":"\n<p class=\"has-large-font-size\"><strong>Historie<\/strong><\/p>\n\n\n\n<p><strong>1998 &#8211; Gr\u00fcndung der Firma Sourcag AG<\/strong><\/p>\n\n\n\n<p>Die Sourcag wurde im April 1998 von den Kantonalbanken Baselland (BLKB) und Baselstadt (BKB) als selbstst\u00e4ndige Aktiengesellschaft mit Sitz in M\u00fcnchenstein gegr\u00fcndet. Beide Unternehmen halten jeweils 50% des Aktienkapitals in H\u00f6he von CHF 3 Millionen. Initial \u00fcbernahm die Sourcag etwa 190 Mitarbeiter aus dem Backoffice der beiden Muttergesellschaften.<br> Ein 1999 geplanter Verkauf der Sourcag an Anderson Consulting als<br> unabh\u00e4ngigem Eigent\u00fcmer scheiterte u.a. an den unterschiedlichen finanziellen Vorstellungen.<\/p>\n\n\n\n<p><strong>2005 &#8211; Entwicklung des Kundenstammes<\/strong><\/p>\n\n\n\n<p>Seit 2005 wickelt die Sourcag zus\u00e4tzlich einen Teil des Zahlungsverkehrs f\u00fcr die elf Banken der Regionalbankengruppe Esprit ab. Ebenfalls seit 2005 z\u00e4hlt die Bank Coop zu den Kunden der Sourcag (Leistungsbezug: IT und Help Desk). Per 1.1.2006 bezieht die ATAG Asset Management (AAM), eine Tochter der BLKB, umfassende Leistungen im Zahlungsverkehr und in der Wertschriften-Abwicklung sowie IT-Services.<\/p>\n\n\n\n<p><strong>2009 &#8211; \u00dcbernahme der Sourcag AG durch Swisscom \u00a0IT Services Sourcing AG<\/strong><\/p>\n\n\n\n<p>Die Sourcag AG soll ab dem 1. Juli 2009 als eigenst\u00e4ndige Tochter von \u00a0Swisscom IT Services Sourcing AG gef\u00fchrt werden. Das Unternehmen erbringt mit seinen 200 Mitarbeitenden standardisierte Backoffice-Leistungen in der Wertschriftenabwicklung und im Zahlungsverkehr. Der Umsatz der Sourcag bel\u00e4uft sich auf rund 30 Millionen Franken. Swisscom wird mit der \u00dcbernahme neu die gesamte Wertsch\u00f6pfungskette f\u00fcr Banken abdecken. Vom Business Process Outsourcing \u00fcber Application Management, den Betrieb der IT-Infrastruktur bis hin zu Telekommunikationsleistungen. Gesch\u00e4ftsf\u00fchrer des Unternehmens mit Sitz in M\u00fcnchenstein bleibt Beat Lehmann. Pr\u00e4sident des Verwaltungsrats wird Eros Fregonas, Mitglied der Konzernleitung von Swisscom.<\/p>\n\n\n\n<div class=\"wp-block-group\"><div class=\"wp-block-group__inner-container is-layout-flow wp-block-group-is-layout-flow\">\n<p><strong>2013 &#8211; Komplette \u00dcbernahme der Anteile der Swisscom\u00a0IT Services Sourcing AG (ehemalig Sourcag AG)<\/strong> <strong>durch Swisscom Schweiz AG<\/strong> <\/p>\n\n\n\n<p>Die Swisscom wird zur einzigen bankenunabh\u00e4ngigen Full-Outsourcing-Anbieterin f\u00fcr Banken in der Schweiz. Bereits im ersten Halbjahr 2013 hatte die Swisscom den IT- und Business-Process-Outsourcer Entris Integrator AG und Entris Operations AG akquiriert. Jetzt haben die Basler und Basellandschaftliche Kantonalbank ihre Minderheitsanteile an Swisscom IT Services Sourcing AG verkauft. Swisscom ist damit alleinige Eigent\u00fcmerin von Swisscom IT, der fr\u00fcheren Sourcag AG. Die beiden Basler Banken wickeln Zahlungsverkehr und Wertschriftengesch\u00e4ft auch weiterhin \u00fcber Swisscom ab. Insgesamt haben 52 Schweizer Banken einen oder mehrere Gesch\u00e4ftsprozesse an Swisscom ausgelagert.<\/p>\n<\/div><\/div>\n","protected":false},"excerpt":{"rendered":"<p>Historie 1998 &#8211; Gr\u00fcndung der Firma Sourcag AG Die Sourcag wurde im April 1998 von den Kantonalbanken Baselland (BLKB) und Baselstadt (BKB) als selbstst\u00e4ndige Aktiengesellschaft mit Sitz in M\u00fcnchenstein gegr\u00fcndet. Beide Unternehmen halten jeweils 50% des Aktienkapitals in H\u00f6he von CHF 3 Millionen. Initial \u00fcbernahm die Sourcag etwa 190 Mitarbeiter aus dem Backoffice der beiden &hellip; <\/p>\n<p class=\"link-more\"><a href=\"https:\/\/www.sourcag.ch\/?page_id=100\" class=\"more-link\"><span class=\"screen-reader-text\">\u201eFirma\u201c<\/span> weiterlesen<\/a><\/p>\n","protected":false},"author":1,"featured_media":186,"parent":0,"menu_order":0,"comment_status":"closed","ping_status":"closed","template":"","meta":{"footnotes":""},"_links":{"self":[{"href":"https:\/\/www.sourcag.ch\/index.php?rest_route=\/wp\/v2\/pages\/100"}],"collection":[{"href":"https:\/\/www.sourcag.ch\/index.php?rest_route=\/wp\/v2\/pages"}],"about":[{"href":"https:\/\/www.sourcag.ch\/index.php?rest_route=\/wp\/v2\/types\/page"}],"author":[{"embeddable":true,"href":"https:\/\/www.sourcag.ch\/index.php?rest_route=\/wp\/v2\/users\/1"}],"replies":[{"embeddable":true,"href":"https:\/\/www.sourcag.ch\/index.php?rest_route=%2Fwp%2Fv2%2Fcomments&post=100"}],"version-history":[{"count":7,"href":"https:\/\/www.sourcag.ch\/index.php?rest_route=\/wp\/v2\/pages\/100\/revisions"}],"predecessor-version":[{"id":285,"href":"https:\/\/www.sourcag.ch\/index.php?rest_route=\/wp\/v2\/pages\/100\/revisions\/285"}],"wp:featuredmedia":[{"embeddable":true,"href":"https:\/\/www.sourcag.ch\/index.php?rest_route=\/wp\/v2\/media\/186"}],"wp:attachment":[{"href":"https:\/\/www.sourcag.ch\/index.php?rest_route=%2Fwp%2Fv2%2Fmedia&parent=100"}],"curies":[{"name":"wp","href":"https:\/\/api.w.org\/{rel}","templated":true}]}}